{"id":11,"date":"2018-01-20T16:53:49","date_gmt":"2018-01-20T15:53:49","guid":{"rendered":"http:\/\/2ie-formation.fr\/?page_id=11"},"modified":"2025-12-10T09:31:38","modified_gmt":"2025-12-10T08:31:38","slug":"nous-contacter","status":"publish","type":"page","link":"http:\/\/2ie-formation.fr\/index.php\/nous-contacter\/","title":{"rendered":"Nous contacter"},"content":{"rendered":"<p>N&rsquo;h\u00e9sitez pas \u00e0 nous contacter :<\/p>\n<ul>\n<li>T\u00e9l\u00e9phone au : 06.71.88.70.62\n<ul>\n<li>2ieformation@gmail.com<\/li>\n<\/ul>\n<\/li>\n<\/ul>\n\n\n<p><\/p>\n","protected":false},"excerpt":{"rendered":"<p>N&rsquo;h\u00e9sitez pas \u00e0 nous contacter : T\u00e9l\u00e9phone au : 06.71.88.70.62 2ieformation@gmail.com<\/p>\n","protected":false},"author":1,"featured_media":0,"parent":0,"menu_order":0,"comment_status":"closed","ping_status":"closed","template":"","meta":{"footnotes":""},"_links":{"self":[{"href":"http:\/\/2ie-formation.fr\/index.php\/wp-json\/wp\/v2\/pages\/11"}],"collection":[{"href":"http:\/\/2ie-formation.fr\/index.php\/wp-json\/wp\/v2\/pages"}],"about":[{"href":"http:\/\/2ie-formation.fr\/index.php\/wp-json\/wp\/v2\/types\/page"}],"author":[{"embeddable":true,"href":"http:\/\/2ie-formation.fr\/index.php\/wp-json\/wp\/v2\/users\/1"}],"replies":[{"embeddable":true,"href":"http:\/\/2ie-formation.fr\/index.php\/wp-json\/wp\/v2\/comments?post=11"}],"version-history":[{"count":12,"href":"http:\/\/2ie-formation.fr\/index.php\/wp-json\/wp\/v2\/pages\/11\/revisions"}],"predecessor-version":[{"id":598,"href":"http:\/\/2ie-formation.fr\/index.php\/wp-json\/wp\/v2\/pages\/11\/revisions\/598"}],"wp:attachment":[{"href":"http:\/\/2ie-formation.fr\/index.php\/wp-json\/wp\/v2\/media?parent=11"}],"curies":[{"name":"wp","href":"https:\/\/api.w.org\/{rel}","templated":true}]}}