{"id":546,"date":"2023-12-28T10:31:19","date_gmt":"2023-12-28T09:31:19","guid":{"rendered":"http:\/\/2ie-formation.fr\/?page_id=546"},"modified":"2025-09-02T18:09:02","modified_gmt":"2025-09-02T16:09:02","slug":"accueil","status":"publish","type":"page","link":"http:\/\/2ie-formation.fr\/","title":{"rendered":"ACCUEIL"},"content":{"rendered":"\n<p class=\"has-text-align-center has-black-color has-text-color has-link-color has-large-font-size wp-elements-0161e80abe6ff3d755858223e69243d1\"><strong>Formation continue pour Adultes<\/strong> <strong>Prestataires d\u2019actions concourant au d\u00e9veloppement des comp\u00e9tences dans le cadre d\u2019actions de formations habilitantes.<\/strong><\/p>\n\n\n\n<h3 class=\"wp-block-heading\"><em><strong>Nous sommes une soci\u00e9t\u00e9 de formation \u00e0 l&rsquo;\u00e9coute du client.<\/strong><\/em><br><em><strong>Conseils, Accompagnement, Personnalisation sont les mots-clefs de notre service.<\/strong><\/em><\/h3>\n\n\n\n<p class=\"has-luminous-vivid-orange-color has-text-color has-link-color wp-elements-154e68d226d78fd8c0d6ad2dbfe2ca22\"><strong>Nombre de stagiaires form\u00e9s en 2024 : 492<br>Taux de satisfaction : 97 %<\/strong><br><strong>Taux de r\u00e9ussite en habilitation \u00e9lectrique : 99 %<br>Taux de r\u00e9ussite \u00e0 l&rsquo;examen AIPR : 100 %<\/strong><br><span style=\"color: #008000;\"><\/span><\/p>\n\n\n\n<p class=\"has-vivid-cyan-blue-color has-text-color\"><strong>Les formations sont accessibles aux personnes en situation de handicap. Nous contacter afin que l&rsquo;on puisse nous adapter<\/strong><\/p>\n\n\n\n<p class=\"has-vivid-cyan-blue-color has-text-color\"><strong>Le d\u00e9lai d\u2019acc\u00e8s \u00e0 la formation entre le premier contact et sa r\u00e9alisation est de trois semaines minimu<\/strong>m<\/p>\n\n\n\n<p><strong>TARIF :<\/strong><a href=\"http:\/\/2ie-formation.fr\/wp-content\/uploads\/2023\/12\/Grille-tarifaire.pdf\" data-type=\"link\" data-id=\"http:\/\/2ie-formation.fr\/wp-content\/uploads\/2023\/12\/Grille-tarifaire.pdf\"> <strong><em>Grille tarifaire ici<\/em><\/strong><\/a><\/p>\n\n\n\n<p><strong>R\u00e9clamations :<\/strong> <a href=\"http:\/\/2ie-formation.fr\/wp-content\/uploads\/2023\/12\/Modalites-de-reclamation.pdf\"><strong><em>Modalit\u00e9s ici<\/em><\/strong><\/a><\/p>\n\n\n\n<p><strong>C.G.V :<\/strong> <a href=\"http:\/\/2ie-formation.fr\/wp-content\/uploads\/2023\/12\/CONDITIONS-GENERALES-DE-VENTE.pdf\" data-type=\"link\" data-id=\"http:\/\/2ie-formation.fr\/wp-content\/uploads\/2023\/12\/CONDITIONS-GENERALES-DE-VENTE.pdf\"><strong><em>Conditions g\u00e9n\u00e9rales de ventes ici<\/em><\/strong><\/a><\/p>\n\n\n\n<p class=\"has-small-font-size\">Mise \u00e0 jour le 02 septembre 2025<\/p>\n","protected":false},"excerpt":{"rendered":"<p>Formation continue pour Adultes Prestataires d\u2019actions concourant au d\u00e9veloppement des comp\u00e9tences dans le cadre d\u2019actions de formations habilitantes. Nous sommes une soci\u00e9t\u00e9 de formation \u00e0 l&rsquo;\u00e9coute du client.Conseils, Accompagnement, Personnalisation sont les mots-clefs de notre service. Nombre de stagiaires form\u00e9s en 2024 : 492Taux de satisfaction : 97 %Taux de r\u00e9ussite en habilitation \u00e9lectrique : &hellip; <\/p>\n<p class=\"link-more\"><a href=\"http:\/\/2ie-formation.fr\/\" class=\"more-link\">Continue reading<span class=\"screen-reader-text\"> \u00ab\u00a0ACCUEIL\u00a0\u00bb<\/span><\/a><\/p>\n","protected":false},"author":1,"featured_media":0,"parent":0,"menu_order":0,"comment_status":"closed","ping_status":"closed","template":"","meta":{"footnotes":""},"_links":{"self":[{"href":"http:\/\/2ie-formation.fr\/index.php\/wp-json\/wp\/v2\/pages\/546"}],"collection":[{"href":"http:\/\/2ie-formation.fr\/index.php\/wp-json\/wp\/v2\/pages"}],"about":[{"href":"http:\/\/2ie-formation.fr\/index.php\/wp-json\/wp\/v2\/types\/page"}],"author":[{"embeddable":true,"href":"http:\/\/2ie-formation.fr\/index.php\/wp-json\/wp\/v2\/users\/1"}],"replies":[{"embeddable":true,"href":"http:\/\/2ie-formation.fr\/index.php\/wp-json\/wp\/v2\/comments?post=546"}],"version-history":[{"count":22,"href":"http:\/\/2ie-formation.fr\/index.php\/wp-json\/wp\/v2\/pages\/546\/revisions"}],"predecessor-version":[{"id":596,"href":"http:\/\/2ie-formation.fr\/index.php\/wp-json\/wp\/v2\/pages\/546\/revisions\/596"}],"wp:attachment":[{"href":"http:\/\/2ie-formation.fr\/index.php\/wp-json\/wp\/v2\/media?parent=546"}],"curies":[{"name":"wp","href":"https:\/\/api.w.org\/{rel}","templated":true}]}}